{"id":438,"date":"2021-06-30T08:23:51","date_gmt":"2021-06-30T06:23:51","guid":{"rendered":"https:\/\/ra-krueger-rinteln.de\/blog\/datenschutzerklaerung-eu\/"},"modified":"2023-10-30T14:59:46","modified_gmt":"2023-10-30T13:59:46","slug":"datenschutzerklaerung-eu","status":"publish","type":"page","link":"https:\/\/ra-krueger-rinteln.de\/blog\/datenschutzerklaerung-eu\/","title":{"rendered":"Datenschutzerkl\u00e4rung (EU)"},"content":{"rendered":"\n<!-- This legal document was generated by Complianz | GDPR\/CCPA Cookie Consent https:\/\/wordpress.org\/plugins\/complianz-gdpr -->\n<div id=\"cmplz-document\" class=\"cmplz-document privacy-statement\"><p><i>Diese Datenschutzerkl\u00e4rung wurde zuletzt am 30. Juni 2021 aktualisiert und gilt f\u00fcr die B\u00fcrgerinnen und B\u00fcrger, sowie legale st\u00e4ndige Einwohner des Europ\u00e4ischen Wirtschaftsraums.<\/i><\/p><p>In dieser Datenschutzerkl\u00e4rung erkl\u00e4ren wir, wie wir mit den Daten umgehen, die wir \u00fcber <a href=\"https:\/\/ra-krueger-rinteln.de\/blog\">https:\/\/ra-krueger-rinteln.de\/blog<\/a> von Ihnen erhalten. Wir empfehlen Ihnen, diese Erkl\u00e4rung sorgf\u00e4ltig zu lesen. Bei unserer Verarbeitung beachten wir die datenschutzrechtlichen Bestimmungen. Das bedeutet unter anderem, dass:<\/p><ul>\n                <li>wir geben deutlich an, zu welchen Zwecken wir personenbezogene Daten verarbeiten. Wir tun dies mit Hilfe dieser Datenschutzerkl\u00e4rung;<\/li>\n                <li>wir sind bestrebt, unsere Erhebung personenbezogener Daten nur auf die zu legitimen Zwecken erforderlichen personenbezogenen Daten zu beschr\u00e4nken;<\/li>\n                <li>in F\u00e4llen, in denen Ihre Zustimmung erforderlich ist, bitten wir Sie zun\u00e4chst um Ihre ausdr\u00fcckliche Zustimmung zur Verarbeitung Ihrer personenbezogenen Daten;<\/li>\n                <li>wir ergreifen geeignete Sicherheitsma\u00dfnahmen, um Ihre pers\u00f6nlichen Daten zu sch\u00fctzen und fordern dies auch von den Parteien an, die pers\u00f6nliche Daten in unserem Namen verarbeiten;<\/li>\n                <li>wir respektieren Ihr Recht, auf Ihre pers\u00f6nlichen Daten zuzugreifen oder sie auf Ihre Aufforderung hin berichtigen oder l\u00f6schen zu lassen.<\/li>\n            <\/ul><p>Wenn Sie Fragen haben oder genau wissen m\u00f6chten, welche Daten wir von Ihnen aufbewahren, kontaktieren Sie uns bitte.<\/p><h2>1. Zweck, Daten und Aufbewahrungsdauer<\/h2><details class=\"cmplz-dropdown dropdown-privacy-statement\"><summary><div><h3>1.1 Kontakt &#8211; z. B. \u00fcber Telefon, Postanschrift, E-Mail und \/ oder Webformulare<\/h3><\/div><\/summary><p class=\"cmplz-subtitle\">Zu diesem Zweck verwenden wir folgende Daten:<\/p><ul><li>Name, Anschrift, Stadt<\/li><li>E-Mail-Adresse<\/li><li>Telefonnummer<\/li><\/ul><p class=\"cmplz-subtitle\">Die Basis, auf der wir diese Daten verarbeiten k\u00f6nnen, ist:<\/p><a target=\"_blank\" rel=\"noopener noreferrer nofollow\" href=\"https:\/\/cookiedatabase.org\/legal-bases\/#consent\">Zustimmung erhalten<\/a><p class=\"cmplz-subtitle\">Aufbewahrungszeitraum<\/p>Wir bewahren diese Daten bis zur Beendigung des Dienstes auf.<\/details><details class=\"cmplz-dropdown dropdown-privacy-statement\"><summary><div><h3>1.2 Um gesetzlichen Verpflichtungen nachkommen zu k\u00f6nnen<\/h3><\/div><\/summary><p class=\"cmplz-subtitle\">Zu diesem Zweck verwenden wir folgende Daten:<\/p><ul><li>Name, Anschrift, Stadt<\/li><li>E-Mail-Adresse<\/li><li>Telefonnummer<\/li><\/ul><p class=\"cmplz-subtitle\">Die Basis, auf der wir diese Daten verarbeiten k\u00f6nnen, ist:<\/p><a target=\"_blank\" rel=\"noopener noreferrer nofollow\" href=\"https:\/\/cookiedatabase.org\/legal-bases\/#consent\">Zustimmung erhalten<\/a><p class=\"cmplz-subtitle\">Aufbewahrungszeitraum<\/p>Wir bewahren diese Daten bis zur Beendigung des Dienstes auf.<\/details><h2>2. Teilen mit anderen Parteien<\/h2>Wir geben Ihre Daten nicht an Dritte weiter.<h2>3. Cookies<\/h2>Unsere Website verwendet Cookies. Weitere Informationen zu Cookies finden Sie in unserer <a href=\"https:\/\/ra-krueger-rinteln.de\/blog\/cookie-richtlinie-eu\/\">Cookie-Richtlinie<\/a>.&nbsp;<h2>4. Statistiken<\/h2>Wir verfolgen anonymisierte Statistiken, um zu erfahren, wie oft und auf welche Weise Besucher unsere Website nutzen.Die Angabe vollst\u00e4ndiger IP-Adressen wird von uns gesperrt.<h2>5. Sicherheit<\/h2>Wir verpflichten uns zur Sicherheit personenbezogener Daten. Wir ergreifen geeignete Sicherheitsma\u00dfnahmen, um den Missbrauch und den unbefugten Zugriff auf personenbezogene Daten zu begrenzen. Dies stellt sicher, dass nur die erforderlichen Personen Zugriff auf Ihre Daten haben, dass der Zugriff auf die Daten gesch\u00fctzt ist und dass unsere Sicherheitsma\u00dfnahmen regelm\u00e4\u00dfig \u00fcberpr\u00fcft werden.<h2>6. Websites von Drittanbietern<\/h2>Diese Datenschutzerkl\u00e4rung gilt nicht f\u00fcr Websites Dritter, die durch Links auf unserer Website verbunden sind. Wir k\u00f6nnen nicht garantieren, dass diese Dritten Ihre personenbezogenen Daten auf zuverl\u00e4ssige oder sichere Weise behandeln. Wir empfehlen Ihnen, die Datenschutzerkl\u00e4rungen dieser Websites zu lesen, bevor Sie diese Websites nutzen.<h2>7. \u00c4nderungen dieser Datenschutzerkl\u00e4rung<\/h2>Wir behalten uns das Recht vor, \u00c4nderungen an dieser Datenschutzerkl\u00e4rung vorzunehmen. Es wird empfohlen, diese Datenschutzerkl\u00e4rung regelm\u00e4\u00dfig zu lesen, um \u00fcber \u00c4nderungen informiert zu sein. Dar\u00fcber hinaus werden wir Sie nach M\u00f6glichkeit aktiv informieren.<h2>8. Zugriff auf und \u00c4nderung Ihrer Daten<\/h2><p>Wenn Sie Fragen haben oder wissen m\u00f6chten, welche personenbezogenen Daten wir \u00fcber Sie haben, wenden Sie sich bitte an uns. Sie k\u00f6nnen uns unter Verwendung der folgenden Informationen kontaktieren. Sie haben folgende Rechte:<\/p><ul>\n                <li>Sie haben das Recht zu erfahren, warum Ihre personenbezogenen Daten ben\u00f6tigt werden, was damit passiert und wie lange sie aufbewahrt werden.<\/li>\n                <li>Auskunftsrecht: Sie haben das Recht, auf Ihre uns bekannten personenbezogenen Daten zuzugreifen.<\/li>\n                <li>Recht auf Berichtigung: Sie haben jederzeit das Recht, Ihre personenbezogenen Daten zu erg\u00e4nzen, zu berichtigen, zu l\u00f6schen oder zu sperren.<\/li>\n                <li>Wenn Sie uns Ihre Einwilligung zur Verarbeitung Ihrer Daten erteilen, haben Sie das Recht, diese Einwilligung zu widerrufen und Ihre personenbezogenen Daten l\u00f6schen zu lassen.<\/li>\n                <li>Recht zur \u00dcbermittlung Ihrer Daten: Sie haben das Recht, alle Ihre personenbezogenen Daten vom f\u00fcr die Verarbeitung Verantwortlichen anzufordern und vollst\u00e4ndig an einen anderen f\u00fcr die Verarbeitung Verantwortlichen zu \u00fcbermitteln.<\/li>\n                <li>Widerspruchsrecht: Sie k\u00f6nnen der Verarbeitung Ihrer Daten widersprechen. Wir halten uns daran, es sei denn, es liegen berechtigte Gr\u00fcnde f\u00fcr die Bearbeitung vor.<\/li>\n            <\/ul><p>Bitte geben Sie immer deutlich an, wer Sie sind, damit wir sicher sein k\u00f6nnen, dass wir keine Daten der falschen Person \u00e4ndern oder l\u00f6schen.<\/p><h2>9. Einreichen einer Beschwerde<\/h2>Wenn Sie mit der Art und Weise, wie wir mit der Verarbeitung Ihrer personenbezogenen Daten umgehen, nicht zufrieden sind, haben Sie das Recht, eine Beschwerde bei der Datenschutzbeh\u00f6rde einzureichen.<h2>10. Kontaktdetails<\/h2><p>Rechtsanwalt Heinz Kr\u00fcger<br>\n        B\u00e4ckerstra\u00dfe 30 A, 31737 Rinteln <br>\n        Deutschland<br>\n        Website: <a href=\"https:\/\/ra-krueger-rinteln.de\/blog\">https:\/\/ra-krueger-rinteln.de\/blog<\/a> <br>\n        E-Mail: <a href=\"mailto:ra&#064;&#x72;a&#045;krueger&#046;rinte&#108;&#x6e;&#x2e;de\">ra&#064;&#x72;a&#045;krueger&#046;rinte&#108;&#x6e;&#x2e;de<\/a> <br>\n        Telefonnummer: 05751-7052843<br><\/p><\/div>","protected":false},"excerpt":{"rendered":"","protected":false},"author":1,"featured_media":0,"parent":0,"menu_order":0,"comment_status":"closed","ping_status":"closed","template":"","meta":{"_et_pb_use_builder":"","_et_pb_old_content":"","_et_gb_content_width":"","footnotes":""},"_links":{"self":[{"href":"https:\/\/ra-krueger-rinteln.de\/blog\/wp-json\/wp\/v2\/pages\/438"}],"collection":[{"href":"https:\/\/ra-krueger-rinteln.de\/blog\/wp-json\/wp\/v2\/pages"}],"about":[{"href":"https:\/\/ra-krueger-rinteln.de\/blog\/wp-json\/wp\/v2\/types\/page"}],"author":[{"embeddable":true,"href":"https:\/\/ra-krueger-rinteln.de\/blog\/wp-json\/wp\/v2\/users\/1"}],"replies":[{"embeddable":true,"href":"https:\/\/ra-krueger-rinteln.de\/blog\/wp-json\/wp\/v2\/comments?post=438"}],"version-history":[{"count":1,"href":"https:\/\/ra-krueger-rinteln.de\/blog\/wp-json\/wp\/v2\/pages\/438\/revisions"}],"predecessor-version":[{"id":500,"href":"https:\/\/ra-krueger-rinteln.de\/blog\/wp-json\/wp\/v2\/pages\/438\/revisions\/500"}],"wp:attachment":[{"href":"https:\/\/ra-krueger-rinteln.de\/blog\/wp-json\/wp\/v2\/media?parent=438"}],"curies":[{"name":"wp","href":"https:\/\/api.w.org\/{rel}","templated":true}]}}